{"id":742,"date":"2020-07-06T00:51:14","date_gmt":"2020-07-06T00:51:14","guid":{"rendered":"http:\/\/eli-english.com\/?page_id=742"},"modified":"2023-04-30T09:30:47","modified_gmt":"2023-04-30T09:30:47","slug":"allgemeine-geschaeftsbedingungen","status":"publish","type":"page","link":"https:\/\/eli-englisch.com\/?page_id=742","title":{"rendered":"AGB"},"content":{"rendered":"\t\t<div data-elementor-type=\"wp-page\" data-elementor-id=\"742\" class=\"elementor elementor-742\" data-elementor-post-type=\"page\">\n\t\t\t\t\t\t<section class=\"elementor-section elementor-top-section elementor-element elementor-element-1c66d430 elementor-section-boxed elementor-section-height-default elementor-section-height-default\" data-id=\"1c66d430\" data-element_type=\"section\" data-e-type=\"section\">\n\t\t\t\t\t\t<div class=\"elementor-container elementor-column-gap-default\">\n\t\t\t\t\t<div class=\"elementor-column elementor-col-100 elementor-top-column elementor-element elementor-element-4153236d\" data-id=\"4153236d\" data-element_type=\"column\" data-e-type=\"column\">\n\t\t\t<div class=\"elementor-widget-wrap elementor-element-populated\">\n\t\t\t\t\t\t<div class=\"elementor-element elementor-element-7e4bcb75 elementor-widget elementor-widget-text-editor\" data-id=\"7e4bcb75\" data-element_type=\"widget\" data-e-type=\"widget\" data-widget_type=\"text-editor.default\">\n\t\t\t\t<div class=\"elementor-widget-container\">\n\t\t\t\t\t\t\t\t\t<p><strong>Allgemeine Gesch\u00e4ftsbedingungen <br><\/strong><\/p><p><strong><br><\/strong><\/p>\n<p>Geltungsbereich<\/p>\n<p><\/p>\n<p>Die Sprachschule ELI-Sprachschule bietet Sprachkurse zur privaten und beruflichen Weiterbildung f\u00fcr Privatpersonen und f\u00fcr Firmenkunden an. Die nachfolgenden Bedingungen gelten f\u00fcr alle Leistungen im Rahmen des Sprachkurses.<\/p><p><br><\/p>\n<p><\/p>\n<p>Anmelden<\/p>\n<p><\/p>\n<p>Die Anmeldung ist f\u00fcr die Dauer des laufenden Vertrages verbindlich und erfolgt mit der Unterschrift unter dem Vertrag. Das unterschriebene Anmeldeformular ist rechtsg\u00fcltig und f\u00fcr die vereinbarten Leistungen verbindlich. Die Anmeldungen werden in der Reihenfolge ihres Eingangs ber\u00fccksichtigt.<\/p>\n<p>Der Unterricht beginnt mit dem im Vertrag festgelegten Termin. Der Unterricht endet mit der schriftlichen K\u00fcndigung des Vertrages.<\/p>\n<p><\/p>\n<p><br><\/p><p>K\u00fcndigen<\/p>\n<p><\/p>\n<p>Der Sprachkurs kann von beiden Parteien fr\u00fchzeitig durch K\u00fcndigung beendet werden. Die Mindestlaufzeit des Vertrages betr\u00e4gt 3 Monate. Nach Ablauf der Mindestvertragslaufzeit ist eine K\u00fcndigung jeweils 4 Wochen zum Monatsende m\u00f6glich. Die K\u00fcndigung hat schriftlich zu erfolgen. Es ist keine Angabe von Gr\u00fcnden n\u00f6tig.<\/p>\n<p><\/p>\n<p><br><\/p><p>Absagen<\/p>\n<p><\/p>\n<p>Es wird um regelm\u00e4\u00dfige und verl\u00e4ssliche Teilnahme an den Unterrichtstreffen w\u00e4hrend der Vertragslaufzeit gebeten, um der Sprachlehrerin ein Maximum an Planungssicherheit zu geben. Der Unterricht kann infolge h\u00f6herer Gewalt (z.B. Erkrankung der Sprachlehrerin) abgesagt werden. Nach M\u00f6glichkeit wird der Unterricht dann nachgeholt. Weitergehende Anspr\u00fcche der Teilnehmer bestehen nicht.<\/p>\n<p><\/p>\n<p><br><\/p><p>Unterrichtsdauer<\/p>\n<p><\/p>\n<p>Die Unterrichtsdauer ist unterschiedlich und wird im Vertrag festgelegt.<\/p>\n<p><\/p>\n<p><br><\/p><p>Zahlungsbedingungen<\/p>\n<p><\/p>\n<p>Rechnungen f\u00fcr Unternehmen sind ohne Abzug sofort ab Rechnungsdatum f\u00e4llig, f\u00fcr Privatpersonen jeweils zum 01. des laufenden Monats. Bei Zahlungsverzug erhebt ELI-Sprachschule eine Bearbeitungsgeb\u00fchr von 5,-.- Euro. Die berechneten Preise sind dem jeweiligen Anmeldeformular zu entnehmen.<\/p>\n<p><\/p>\n<p><br><\/p><p>Erf\u00fcllungsort, Braunschweig (Niedersachsen)<\/p>\n<p><\/p>\n<p>Ausschlie\u00dflicher Gerichtsstand f\u00fcr alle Streitigkeiten aus und im Zusammenhang mit den Vertr\u00e4gen der Sprachschule ELI-Sprachschule ist Braunschweig, wenn der Kunde Kaufmann oder juristische Person des \u00f6ffentlichen Rechts ist. Ansonsten gelten die gesetzlichen Gerichtsst\u00e4nde.<\/p>\n<p><\/p>\n<p><br><\/p><p>Salvatorische Klausel<\/p>\n<p><\/p>\n<p>Sollte eine Bestimmung dieser Teilnahmebedingungen unwirksam sein, wird davon die Wirksamkeit der \u00fcbrigen Bestimmungen nicht ber\u00fchrt.<\/p>\n<p><\/p>\n<p><br><\/p><p>Sonstiges<\/p>\n<p><\/p>\n<p>Alle Unterrichtsleistungen sind gem. \u00a7 4Nr21 bb Umsatzsteuergesetz von der Umsatzsteuer befreit.<\/p>\n<p><\/p>\n<p>Jede \u00c4nderung der Anschrift ist umgehend mitzuteilen.<\/p>\n<p><\/p>\n<p>Die Haftung f\u00fcr Personen &#8211; und Sachsch\u00e4den wird au\u00dfer im Falle von Vorsatz oder grober Fahrl\u00e4ssigkeit ausgeschlossen.<\/p>\n<p><\/p>\n<p>Alle \u00c4nderungen oder Erg\u00e4nzungen der Allgemeinen Gesch\u00e4ftsbedingungen bed\u00fcrfen der Schriftform und sind von beiden Parteien zu unterzeichnen. M\u00fcndliche Nebenabreden bestehen nicht. Die Allgemeinen Gesch\u00e4ftsbedingungen sind im Internet unter http:\/\/www.eli-englisch.com zug\u00e4nglich und werden jedem Kunden auf Wunsch ausgeh\u00e4ndigt.<\/p>\n<p><\/p>\n<p><br><\/p><p>Belehrung Widerrufsrecht<\/p>\n<p><\/p>\n<p>Der Kunde kann seine Vertragserkl\u00e4rung innerhalb von zwei Wochen ohne Angaben von Gr\u00fcnden in Textform widerrufen. Die Frist beginnt mit Vertragsabschluss. Zur Wahrung der Widerrufsfrist gen\u00fcgt die Absendung vor Fristablauf an die Sprachschule unter unten genannter Adresse.<\/p>\n<p>Sofern der Kunde den Kurs begonnen hat, gilt das Widerrufsrecht nicht. Au\u00dferdem sind unbeschadet des Widerrufsrechts bereits in Anspruch genommene Dienstleistungen zu bezahlen.<\/p>\n<p><\/p>\n<p><br><\/p><p>Hinweis gem\u00e4\u00df Online-Streitbeilegungs-Verordnung<\/p>\n<p><\/p>\n<p>Nach geltendem Recht sind wir verpflichtet, Verbraucher auf die Existenz der Europ\u00e4ischen Online-Streitbeilegungs-Plattform hinzuweisen, die f\u00fcr die Beilegung von Streitigkeiten genutzt werden kann, ohne dass ein Gericht eingeschaltet werden muss. F\u00fcr die Einrichtung der Plattform ist die Europ\u00e4ische Kommission zust\u00e4ndig. Die Europ\u00e4ische Online-Streitbeilegungs-Plattform ist hier zu finden: http:\/\/ec.europa.eu\/odr. Unsere E-Mail lautet: <a href=\"mailto:eli-englisch@outlook.de\">eli-englisch@outlook.de<\/a><\/p>\n<p>Wir weisen aber darauf hin, dass wir nicht bereit sind, uns am Streitbeilegungsverfahren im Rahmen der Europ\u00e4ischen Online-Streitbeilegungs-Plattform zu beteiligen. Nutzen Sie zur Kontaktaufnahme bitte unsere obige E-Mail.<\/p>\n<p><\/p>\n<p><\/p>\n<p><br><\/p><p>ELI-Sprachschule<\/p>\n<p>Elena Fiebig<\/p>\n<p>Goslarsche Str. 82<\/p>\n<p>38118 Braunschweig<\/p>\n<p>E-Mail-Adresse: eli-englisch@outlook.de<\/p>\n<p>Deutschland\/Germany<\/p>\t\t\t\t\t\t\t\t<\/div>\n\t\t\t\t<\/div>\n\t\t\t\t\t<\/div>\n\t\t<\/div>\n\t\t\t\t\t<\/div>\n\t\t<\/section>\n\t\t\t\t<\/div>\n\t\t","protected":false},"excerpt":{"rendered":"<p>Allgemeine Gesch\u00e4ftsbedingungen Geltungsbereich Die Sprachschule ELI-Sprachschule bietet Sprachkurse zur privaten und beruflichen Weiterbildung f\u00fcr Privatpersonen und f\u00fcr Firmenkunden an. Die nachfolgenden Bedingungen gelten f\u00fcr alle Leistungen im Rahmen des Sprachkurses. Anmelden Die Anmeldung ist f\u00fcr die Dauer des laufenden Vertrages verbindlich und erfolgt mit der Unterschrift unter dem Vertrag. Das unterschriebene Anmeldeformular ist rechtsg\u00fcltig und [&hellip;]<\/p>\n","protected":false},"author":1,"featured_media":0,"parent":0,"menu_order":0,"comment_status":"closed","ping_status":"closed","template":"","meta":{"footnotes":""},"class_list":["post-742","page","type-page","status-publish","hentry"],"_links":{"self":[{"href":"https:\/\/eli-englisch.com\/index.php?rest_route=\/wp\/v2\/pages\/742","targetHints":{"allow":["GET"]}}],"collection":[{"href":"https:\/\/eli-englisch.com\/index.php?rest_route=\/wp\/v2\/pages"}],"about":[{"href":"https:\/\/eli-englisch.com\/index.php?rest_route=\/wp\/v2\/types\/page"}],"author":[{"embeddable":true,"href":"https:\/\/eli-englisch.com\/index.php?rest_route=\/wp\/v2\/users\/1"}],"replies":[{"embeddable":true,"href":"https:\/\/eli-englisch.com\/index.php?rest_route=%2Fwp%2Fv2%2Fcomments&post=742"}],"version-history":[{"count":15,"href":"https:\/\/eli-englisch.com\/index.php?rest_route=\/wp\/v2\/pages\/742\/revisions"}],"predecessor-version":[{"id":1654,"href":"https:\/\/eli-englisch.com\/index.php?rest_route=\/wp\/v2\/pages\/742\/revisions\/1654"}],"wp:attachment":[{"href":"https:\/\/eli-englisch.com\/index.php?rest_route=%2Fwp%2Fv2%2Fmedia&parent=742"}],"curies":[{"name":"wp","href":"https:\/\/api.w.org\/{rel}","templated":true}]}}