{"id":437,"date":"2020-07-05T21:49:28","date_gmt":"2020-07-05T21:49:28","guid":{"rendered":"http:\/\/eli-english.com\/?page_id=437"},"modified":"2025-03-07T10:31:09","modified_gmt":"2025-03-07T10:31:09","slug":"impressum","status":"publish","type":"page","link":"https:\/\/eli-englisch.com\/?page_id=437","title":{"rendered":"Impressum"},"content":{"rendered":"\t\t<div data-elementor-type=\"wp-page\" data-elementor-id=\"437\" class=\"elementor elementor-437\" data-elementor-post-type=\"page\">\n\t\t\t\t\t\t<section class=\"elementor-section elementor-top-section elementor-element elementor-element-357560f2 elementor-section-boxed elementor-section-height-default elementor-section-height-default\" data-id=\"357560f2\" data-element_type=\"section\" data-e-type=\"section\">\n\t\t\t\t\t\t<div class=\"elementor-container elementor-column-gap-default\">\n\t\t\t\t\t<div class=\"elementor-column elementor-col-100 elementor-top-column elementor-element elementor-element-5ba85536\" data-id=\"5ba85536\" data-element_type=\"column\" data-e-type=\"column\">\n\t\t\t<div class=\"elementor-widget-wrap elementor-element-populated\">\n\t\t\t\t\t\t<div class=\"elementor-element elementor-element-6d8098b3 elementor-widget elementor-widget-text-editor\" data-id=\"6d8098b3\" data-element_type=\"widget\" data-e-type=\"widget\" data-widget_type=\"text-editor.default\">\n\t\t\t\t<div class=\"elementor-widget-container\">\n\t\t\t\t\t\t\t\t\t<div class=\"style-944 style-local-437-c1 position-relative\" data-colibri-id=\"437-c1\"><div id=\"custom\" class=\"h-section h-section-global-spacing d-flex align-items-lg-center align-items-md-center align-items-center style-945 style-local-437-c2 position-relative\" data-colibri-component=\"section\" data-colibri-id=\"437-c2\"><div class=\"h-section-grid-container h-section-boxed-container\"><div class=\"h-row-container gutters-row-lg-2 gutters-row-md-2 gutters-row-0 gutters-row-v-lg-2 gutters-row-v-md-2 gutters-row-v-2 style-946 style-local-437-c3 position-relative\" data-colibri-id=\"437-c3\"><div class=\"h-row justify-content-lg-center justify-content-md-center justify-content-center align-items-lg-stretch align-items-md-stretch align-items-stretch gutters-col-lg-2 gutters-col-md-2 gutters-col-0 gutters-col-v-lg-2 gutters-col-v-md-2 gutters-col-v-2\"><div class=\"h-column h-column-container d-flex h-col-lg-auto h-col-md-auto h-col-auto style-947-outer style-local-437-c4-outer\"><div class=\"d-flex h-flex-basis h-column__inner h-px-lg-2 h-px-md-2 h-px-2 v-inner-lg-2 v-inner-md-2 v-inner-2 style-947 style-local-437-c4 position-relative\" data-colibri-id=\"437-c4\"><div class=\"w-100 h-y-container h-column__content h-column__v-align flex-basis-100 align-self-lg-start align-self-md-start align-self-start\"><div class=\"h-text h-text-component style-948 style-local-437-c5 position-relative h-element\" data-colibri-id=\"437-c5\"><div class=\"\"><p>Elena Fiebig, Leipziger Str. 226, 38124, Braunsschweig, Deutschland, E-Mail-Adresse: eli-englisch@outlook.de<\/p><p>Hinweis gem\u00e4\u00df Online-Streitbeilegungs-Verordnung<\/p><p>Nach geltendem Recht sind wir verpflichtet, Verbraucher auf die Existenz der Europ\u00e4ischen Online-Streitbeilegungs-Plattform hinzuweisen, die f\u00fcr die Beilegung von Streitigkeiten genutzt werden kann, ohne dass ein Gericht eingeschaltet<br \/>werden muss. F\u00fcr die Einrichtung der Plattform ist die Europ\u00e4ische Kommission zust\u00e4ndig. Die Europ\u00e4ische Online-Streitbeilegungs-Plattform ist hier zu finden: http:\/\/ec.europa.eu\/odr. Unsere E-Mail lautet: <span style=\"font-weight: 400; font-size: 16px;\">eli-englisch@outlook.de<\/span><\/p><p>Wir weisen aber darauf hin, dass wir nicht bereit sind, uns am Streitbeilegungsverfahren im Rahmen der Europ\u00e4ischen Online-Streitbeilegungs-Plattform zu beteiligen. Nutzen Sie zur Kontaktaufnahme bitte unsere obige E-Mail.<\/p><\/div><\/div><\/div><\/div><\/div><\/div><\/div><div class=\"h-row-container gutters-row-lg-2 gutters-row-md-2 gutters-row-0 gutters-row-v-lg-2 gutters-row-v-md-2 gutters-row-v-2 style-952 style-local-437-c9 position-relative\" data-colibri-id=\"437-c9\"><div class=\"h-row justify-content-lg-center justify-content-md-center justify-content-center align-items-lg-stretch align-items-md-stretch align-items-stretch gutters-col-lg-2 gutters-col-md-2 gutters-col-0 gutters-col-v-lg-2 gutters-col-v-md-2 gutters-col-v-2\"><div class=\"h-column h-column-container d-flex h-col-lg-auto h-col-md-auto h-col-auto style-962-outer style-local-437-c19-outer\"><div class=\"d-flex h-flex-basis h-column__inner h-px-lg-2 h-px-md-2 h-px-2 v-inner-lg-2 v-inner-md-2 v-inner-2 style-962 style-local-437-c19 position-relative\" data-colibri-id=\"437-c19\"><div class=\"w-100 h-y-container h-column__content h-column__v-align flex-basis-100 align-self-lg-start align-self-md-start align-self-start\"><div class=\"h-text h-text-component style-964 style-local-437-c21 position-relative h-element\" data-colibri-id=\"437-c21\"><div class=\"\">\u00a0<\/div><\/div><\/div><\/div><\/div><\/div><\/div><\/div><\/div><\/div>\t\t\t\t\t\t\t\t<\/div>\n\t\t\t\t<\/div>\n\t\t\t\t\t<\/div>\n\t\t<\/div>\n\t\t\t\t\t<\/div>\n\t\t<\/section>\n\t\t\t\t<\/div>\n\t\t","protected":false},"excerpt":{"rendered":"<p>Elena Fiebig, Leipziger Str. 226, 38124, Braunsschweig, Deutschland, E-Mail-Adresse: eli-englisch@outlook.de Hinweis gem\u00e4\u00df Online-Streitbeilegungs-Verordnung Nach geltendem Recht sind wir verpflichtet, Verbraucher auf die Existenz der Europ\u00e4ischen Online-Streitbeilegungs-Plattform hinzuweisen, die f\u00fcr die Beilegung von Streitigkeiten genutzt werden kann, ohne dass ein Gericht eingeschaltetwerden muss. F\u00fcr die Einrichtung der Plattform ist die Europ\u00e4ische Kommission zust\u00e4ndig. Die Europ\u00e4ische Online-Streitbeilegungs-Plattform [&hellip;]<\/p>\n","protected":false},"author":1,"featured_media":0,"parent":0,"menu_order":0,"comment_status":"closed","ping_status":"closed","template":"","meta":{"footnotes":""},"class_list":["post-437","page","type-page","status-publish","hentry"],"_links":{"self":[{"href":"https:\/\/eli-englisch.com\/index.php?rest_route=\/wp\/v2\/pages\/437","targetHints":{"allow":["GET"]}}],"collection":[{"href":"https:\/\/eli-englisch.com\/index.php?rest_route=\/wp\/v2\/pages"}],"about":[{"href":"https:\/\/eli-englisch.com\/index.php?rest_route=\/wp\/v2\/types\/page"}],"author":[{"embeddable":true,"href":"https:\/\/eli-englisch.com\/index.php?rest_route=\/wp\/v2\/users\/1"}],"replies":[{"embeddable":true,"href":"https:\/\/eli-englisch.com\/index.php?rest_route=%2Fwp%2Fv2%2Fcomments&post=437"}],"version-history":[{"count":25,"href":"https:\/\/eli-englisch.com\/index.php?rest_route=\/wp\/v2\/pages\/437\/revisions"}],"predecessor-version":[{"id":1763,"href":"https:\/\/eli-englisch.com\/index.php?rest_route=\/wp\/v2\/pages\/437\/revisions\/1763"}],"wp:attachment":[{"href":"https:\/\/eli-englisch.com\/index.php?rest_route=%2Fwp%2Fv2%2Fmedia&parent=437"}],"curies":[{"name":"wp","href":"https:\/\/api.w.org\/{rel}","templated":true}]}}