{"id":1834,"date":"2025-05-18T20:57:54","date_gmt":"2025-05-18T20:57:54","guid":{"rendered":"https:\/\/eli-englisch.com\/?page_id=1834"},"modified":"2025-05-18T21:05:50","modified_gmt":"2025-05-18T21:05:50","slug":"informationen-zu-den-oertlichkeiten-in-hannover-bothfeld","status":"publish","type":"page","link":"https:\/\/eli-englisch.com\/?page_id=1834","title":{"rendered":"Informationen zu den \u00d6rtlichkeiten in Hannover-Bothfeld"},"content":{"rendered":"\t\t<div data-elementor-type=\"wp-page\" data-elementor-id=\"1834\" class=\"elementor elementor-1834\" data-elementor-post-type=\"page\">\n\t\t\t\t\t\t<section class=\"elementor-section elementor-top-section elementor-element elementor-element-536442d5 elementor-section-boxed elementor-section-height-default elementor-section-height-default\" data-id=\"536442d5\" data-element_type=\"section\" data-e-type=\"section\">\n\t\t\t\t\t\t<div class=\"elementor-container elementor-column-gap-default\">\n\t\t\t\t\t<div class=\"elementor-column elementor-col-100 elementor-top-column elementor-element elementor-element-6e9e475d\" data-id=\"6e9e475d\" data-element_type=\"column\" data-e-type=\"column\">\n\t\t\t<div class=\"elementor-widget-wrap elementor-element-populated\">\n\t\t\t\t\t\t<div class=\"elementor-element elementor-element-4dd4a26b elementor-widget elementor-widget-text-editor\" data-id=\"4dd4a26b\" data-element_type=\"widget\" data-e-type=\"widget\" data-widget_type=\"text-editor.default\">\n\t\t\t\t<div class=\"elementor-widget-container\">\n\t\t\t\t\t\t\t\t\t<p>\u00a0<\/p>\n<p><!-- \/wp:paragraph --><\/p>\n<p><!-- wp:paragraph --><\/p>\n<h5><span style=\"color: #000000;\">ELI-Sprachschule<br \/><\/span><span style=\"color: #000000;\">im Kindergarten Heilig Geist<br \/>B\u00f6ckerstra\u00dfe 27<br \/>30659 Hannover-Bothfeld<\/span><\/h5>\n<p><!-- \/wp:paragraph --><\/p>\n<p><!-- wp:paragraph --><\/p>\n<p><!-- \/wp:paragraph --><\/p>\t\t\t\t\t\t\t\t<\/div>\n\t\t\t\t<\/div>\n\t\t\t\t\t<\/div>\n\t\t<\/div>\n\t\t\t\t\t<\/div>\n\t\t<\/section>\n\t\t\t\t<section class=\"elementor-section elementor-top-section elementor-element elementor-element-07e0b53 elementor-section-boxed elementor-section-height-default elementor-section-height-default\" data-id=\"07e0b53\" data-element_type=\"section\" data-e-type=\"section\">\n\t\t\t\t\t\t<div class=\"elementor-container elementor-column-gap-default\">\n\t\t\t\t\t<div class=\"elementor-column elementor-col-100 elementor-top-column elementor-element elementor-element-aee1079\" data-id=\"aee1079\" data-element_type=\"column\" data-e-type=\"column\">\n\t\t\t<div class=\"elementor-widget-wrap elementor-element-populated\">\n\t\t\t\t\t\t<section class=\"elementor-section elementor-inner-section elementor-element elementor-element-e282736 elementor-section-boxed elementor-section-height-default elementor-section-height-default\" data-id=\"e282736\" data-element_type=\"section\" data-e-type=\"section\">\n\t\t\t\t\t\t<div class=\"elementor-container elementor-column-gap-default\">\n\t\t\t\t\t<div class=\"elementor-column elementor-col-50 elementor-inner-column elementor-element elementor-element-98eb51c\" data-id=\"98eb51c\" data-element_type=\"column\" data-e-type=\"column\">\n\t\t\t<div class=\"elementor-widget-wrap elementor-element-populated\">\n\t\t\t\t\t\t<div class=\"elementor-element elementor-element-60df8e9 elementor-widget elementor-widget-image\" data-id=\"60df8e9\" data-element_type=\"widget\" data-e-type=\"widget\" data-widget_type=\"image.default\">\n\t\t\t\t<div class=\"elementor-widget-container\">\n\t\t\t\t\t\t\t\t\t\t\t\t\t\t\t<img fetchpriority=\"high\" decoding=\"async\" width=\"532\" height=\"322\" src=\"https:\/\/eli-englisch.com\/wp-content\/uploads\/2025\/05\/Screenshot-Kita-Heilig-Geist.png\" class=\"attachment-large size-large wp-image-1835\" alt=\"\" srcset=\"https:\/\/eli-englisch.com\/wp-content\/uploads\/2025\/05\/Screenshot-Kita-Heilig-Geist.png 532w, https:\/\/eli-englisch.com\/wp-content\/uploads\/2025\/05\/Screenshot-Kita-Heilig-Geist-300x182.png 300w\" sizes=\"(max-width: 532px) 100vw, 532px\" \/>\t\t\t\t\t\t\t\t\t\t\t\t\t\t\t<\/div>\n\t\t\t\t<\/div>\n\t\t\t\t\t<\/div>\n\t\t<\/div>\n\t\t\t\t<div class=\"elementor-column elementor-col-50 elementor-inner-column elementor-element elementor-element-bb8e269\" data-id=\"bb8e269\" data-element_type=\"column\" data-e-type=\"column\">\n\t\t\t<div class=\"elementor-widget-wrap elementor-element-populated\">\n\t\t\t\t\t\t<div class=\"elementor-element elementor-element-220b66c elementor-widget elementor-widget-image\" data-id=\"220b66c\" data-element_type=\"widget\" data-e-type=\"widget\" data-widget_type=\"image.default\">\n\t\t\t\t<div class=\"elementor-widget-container\">\n\t\t\t\t\t\t\t\t\t\t\t\t\t\t\t<img decoding=\"async\" width=\"800\" height=\"534\" src=\"https:\/\/eli-englisch.com\/wp-content\/uploads\/2023\/03\/pexels-pavel-danilyuk-8422150-1024x684.jpg\" class=\"attachment-large size-large wp-image-1597\" alt=\"\" srcset=\"https:\/\/eli-englisch.com\/wp-content\/uploads\/2023\/03\/pexels-pavel-danilyuk-8422150-1024x684.jpg 1024w, https:\/\/eli-englisch.com\/wp-content\/uploads\/2023\/03\/pexels-pavel-danilyuk-8422150-300x200.jpg 300w, https:\/\/eli-englisch.com\/wp-content\/uploads\/2023\/03\/pexels-pavel-danilyuk-8422150-768x513.jpg 768w, https:\/\/eli-englisch.com\/wp-content\/uploads\/2023\/03\/pexels-pavel-danilyuk-8422150-1536x1025.jpg 1536w, https:\/\/eli-englisch.com\/wp-content\/uploads\/2023\/03\/pexels-pavel-danilyuk-8422150-2048x1367.jpg 2048w\" sizes=\"(max-width: 800px) 100vw, 800px\" \/>\t\t\t\t\t\t\t\t\t\t\t\t\t\t\t<\/div>\n\t\t\t\t<\/div>\n\t\t\t\t\t<\/div>\n\t\t<\/div>\n\t\t\t\t\t<\/div>\n\t\t<\/section>\n\t\t\t\t\t<\/div>\n\t\t<\/div>\n\t\t\t\t\t<\/div>\n\t\t<\/section>\n\t\t\t\t<section class=\"elementor-section elementor-top-section elementor-element elementor-element-7ccb199 elementor-section-boxed elementor-section-height-default elementor-section-height-default\" data-id=\"7ccb199\" data-element_type=\"section\" data-e-type=\"section\">\n\t\t\t\t\t\t<div class=\"elementor-container elementor-column-gap-default\">\n\t\t\t\t\t<div class=\"elementor-column elementor-col-100 elementor-top-column elementor-element elementor-element-ea88c01\" data-id=\"ea88c01\" data-element_type=\"column\" data-e-type=\"column\">\n\t\t\t<div class=\"elementor-widget-wrap elementor-element-populated\">\n\t\t\t\t\t\t<section class=\"elementor-section elementor-inner-section elementor-element elementor-element-c456b23 elementor-section-boxed elementor-section-height-default elementor-section-height-default\" data-id=\"c456b23\" data-element_type=\"section\" data-e-type=\"section\">\n\t\t\t\t\t\t<div class=\"elementor-container elementor-column-gap-default\">\n\t\t\t\t\t<div class=\"elementor-column elementor-col-50 elementor-inner-column elementor-element elementor-element-a4bec6c\" data-id=\"a4bec6c\" data-element_type=\"column\" data-e-type=\"column\">\n\t\t\t<div class=\"elementor-widget-wrap elementor-element-populated\">\n\t\t\t\t\t\t<div class=\"elementor-element elementor-element-9fc0d64 elementor-widget elementor-widget-google_maps\" data-id=\"9fc0d64\" data-element_type=\"widget\" data-e-type=\"widget\" data-widget_type=\"google_maps.default\">\n\t\t\t\t<div class=\"elementor-widget-container\">\n\t\t\t\t\t\t\t<div class=\"elementor-custom-embed\">\n\t\t\t<iframe loading=\"lazy\"\n\t\t\t\t\tsrc=\"https:\/\/maps.google.com\/maps?q=Kindergarten%20Heilig%20Geist%2C%20B%C3%B6ckerstra%C3%9Fe%2027%2C%2030659%20Hannover&#038;t=m&#038;z=10&#038;output=embed&#038;iwloc=near\"\n\t\t\t\t\ttitle=\"Kindergarten Heilig Geist, B\u00f6ckerstra\u00dfe 27, 30659 Hannover\"\n\t\t\t\t\taria-label=\"Kindergarten Heilig Geist, B\u00f6ckerstra\u00dfe 27, 30659 Hannover\"\n\t\t\t><\/iframe>\n\t\t<\/div>\n\t\t\t\t\t\t<\/div>\n\t\t\t\t<\/div>\n\t\t\t\t\t<\/div>\n\t\t<\/div>\n\t\t\t\t<div class=\"elementor-column elementor-col-50 elementor-inner-column elementor-element elementor-element-8da5c67\" data-id=\"8da5c67\" data-element_type=\"column\" data-e-type=\"column\">\n\t\t\t<div class=\"elementor-widget-wrap elementor-element-populated\">\n\t\t\t\t\t\t<div class=\"elementor-element elementor-element-e38dce0 elementor-widget elementor-widget-text-editor\" data-id=\"e38dce0\" data-element_type=\"widget\" data-e-type=\"widget\" data-widget_type=\"text-editor.default\">\n\t\t\t\t<div class=\"elementor-widget-container\">\n\t\t\t\t\t\t\t\t\t<p><span style=\"color: #b806a0;\"><strong>N\u00fc<\/strong><b>tzliche Details:<\/b><\/span><\/p>\n<p><span style=\"color: #b806a0;\">Gro\u00dfz\u00fcgiger, beheizter heller Raum.<\/span><\/p>\n<p><span style=\"color: #b806a0;\">Nur f\u00fcr Kinder der Kindertagesst\u00e4tte Heilig Geist.<\/span><\/p>\n<p><span style=\"color: #b806a0;\">Parkpl\u00e4tze an der Kindertagesst\u00e4tte vorhanden.<\/span><\/p>\n<p>\u00a0<\/p>\t\t\t\t\t\t\t\t<\/div>\n\t\t\t\t<\/div>\n\t\t\t\t\t<\/div>\n\t\t<\/div>\n\t\t\t\t\t<\/div>\n\t\t<\/section>\n\t\t\t\t\t<\/div>\n\t\t<\/div>\n\t\t\t\t\t<\/div>\n\t\t<\/section>\n\t\t\t\t<\/div>\n\t\t","protected":false},"excerpt":{"rendered":"<p>\u00a0 ELI-Sprachschuleim Kindergarten Heilig GeistB\u00f6ckerstra\u00dfe 2730659 Hannover-Bothfeld N\u00fctzliche Details: Gro\u00dfz\u00fcgiger, beheizter heller Raum. Nur f\u00fcr Kinder der Kindertagesst\u00e4tte Heilig Geist. Parkpl\u00e4tze an der Kindertagesst\u00e4tte vorhanden. \u00a0<\/p>\n","protected":false},"author":1,"featured_media":0,"parent":0,"menu_order":0,"comment_status":"closed","ping_status":"closed","template":"","meta":{"footnotes":""},"class_list":["post-1834","page","type-page","status-publish","hentry"],"_links":{"self":[{"href":"https:\/\/eli-englisch.com\/index.php?rest_route=\/wp\/v2\/pages\/1834","targetHints":{"allow":["GET"]}}],"collection":[{"href":"https:\/\/eli-englisch.com\/index.php?rest_route=\/wp\/v2\/pages"}],"about":[{"href":"https:\/\/eli-englisch.com\/index.php?rest_route=\/wp\/v2\/types\/page"}],"author":[{"embeddable":true,"href":"https:\/\/eli-englisch.com\/index.php?rest_route=\/wp\/v2\/users\/1"}],"replies":[{"embeddable":true,"href":"https:\/\/eli-englisch.com\/index.php?rest_route=%2Fwp%2Fv2%2Fcomments&post=1834"}],"version-history":[{"count":3,"href":"https:\/\/eli-englisch.com\/index.php?rest_route=\/wp\/v2\/pages\/1834\/revisions"}],"predecessor-version":[{"id":1838,"href":"https:\/\/eli-englisch.com\/index.php?rest_route=\/wp\/v2\/pages\/1834\/revisions\/1838"}],"wp:attachment":[{"href":"https:\/\/eli-englisch.com\/index.php?rest_route=%2Fwp%2Fv2%2Fmedia&parent=1834"}],"curies":[{"name":"wp","href":"https:\/\/api.w.org\/{rel}","templated":true}]}}