{"id":1791,"date":"2025-03-07T11:35:16","date_gmt":"2025-03-07T11:35:16","guid":{"rendered":"https:\/\/eli-englisch.com\/?page_id=1791"},"modified":"2025-03-09T16:19:34","modified_gmt":"2025-03-09T16:19:34","slug":"informationen-zu-den-oertlichkeiten-in-braunschweig-lamme","status":"publish","type":"page","link":"https:\/\/eli-englisch.com\/?page_id=1791","title":{"rendered":"Informationen zu den \u00d6rtlichkeiten in Braunschweig-Lamme"},"content":{"rendered":"\t\t<div data-elementor-type=\"wp-page\" data-elementor-id=\"1791\" class=\"elementor elementor-1791\" data-elementor-post-type=\"page\">\n\t\t\t\t\t\t<section class=\"elementor-section elementor-top-section elementor-element elementor-element-5a690fac elementor-section-boxed elementor-section-height-default elementor-section-height-default\" data-id=\"5a690fac\" data-element_type=\"section\" data-e-type=\"section\">\n\t\t\t\t\t\t<div class=\"elementor-container elementor-column-gap-default\">\n\t\t\t\t\t<div class=\"elementor-column elementor-col-100 elementor-top-column elementor-element elementor-element-6ce4ca5a\" data-id=\"6ce4ca5a\" data-element_type=\"column\" data-e-type=\"column\">\n\t\t\t<div class=\"elementor-widget-wrap elementor-element-populated\">\n\t\t\t\t\t\t<div class=\"elementor-element elementor-element-32cc66d4 elementor-widget elementor-widget-text-editor\" data-id=\"32cc66d4\" data-element_type=\"widget\" data-e-type=\"widget\" data-widget_type=\"text-editor.default\">\n\t\t\t\t<div class=\"elementor-widget-container\">\n\t\t\t\t\t\t\t\t\t\n<h5><span style=\"color: #000000;\">ELI-Sprachschule im Kinder- und Jugendzentrum Lamme<\/span><br \/><span style=\"color: #000000;\">Lammer Heide 7<\/span><br \/><span style=\"color: #000000;\">38116 Braunschweig<\/span><\/h5>\n\n<p>\u00a0<\/p>\n\t\t\t\t\t\t\t\t<\/div>\n\t\t\t\t<\/div>\n\t\t\t\t\t<\/div>\n\t\t<\/div>\n\t\t\t\t\t<\/div>\n\t\t<\/section>\n\t\t\t\t<section class=\"elementor-section elementor-top-section elementor-element elementor-element-da2a46a elementor-section-boxed elementor-section-height-default elementor-section-height-default\" data-id=\"da2a46a\" data-element_type=\"section\" data-e-type=\"section\">\n\t\t\t\t\t\t<div class=\"elementor-container elementor-column-gap-default\">\n\t\t\t\t\t<div class=\"elementor-column elementor-col-100 elementor-top-column elementor-element elementor-element-63b6865\" data-id=\"63b6865\" data-element_type=\"column\" data-e-type=\"column\">\n\t\t\t<div class=\"elementor-widget-wrap elementor-element-populated\">\n\t\t\t\t\t\t<section class=\"elementor-section elementor-inner-section elementor-element elementor-element-818a885 elementor-section-boxed elementor-section-height-default elementor-section-height-default\" data-id=\"818a885\" data-element_type=\"section\" data-e-type=\"section\">\n\t\t\t\t\t\t<div class=\"elementor-container elementor-column-gap-default\">\n\t\t\t\t\t<div class=\"elementor-column elementor-col-50 elementor-inner-column elementor-element elementor-element-2d50d96\" data-id=\"2d50d96\" data-element_type=\"column\" data-e-type=\"column\">\n\t\t\t<div class=\"elementor-widget-wrap elementor-element-populated\">\n\t\t\t\t\t\t<div class=\"elementor-element elementor-element-609eed2 elementor-widget__width-initial elementor-widget elementor-widget-image\" data-id=\"609eed2\" data-element_type=\"widget\" data-e-type=\"widget\" data-widget_type=\"image.default\">\n\t\t\t\t<div class=\"elementor-widget-container\">\n\t\t\t\t\t\t\t\t\t\t\t\t\t\t\t<img fetchpriority=\"high\" decoding=\"async\" width=\"276\" height=\"183\" src=\"https:\/\/eli-englisch.com\/wp-content\/uploads\/2025\/03\/IMG_0762.jpg\" class=\"attachment-1536x1536 size-1536x1536 wp-image-1792\" alt=\"\" \/>\t\t\t\t\t\t\t\t\t\t\t\t\t\t\t<\/div>\n\t\t\t\t<\/div>\n\t\t\t\t\t<\/div>\n\t\t<\/div>\n\t\t\t\t<div class=\"elementor-column elementor-col-50 elementor-inner-column elementor-element elementor-element-080b7fb\" data-id=\"080b7fb\" data-element_type=\"column\" data-e-type=\"column\">\n\t\t\t<div class=\"elementor-widget-wrap elementor-element-populated\">\n\t\t\t\t\t\t\t<\/div>\n\t\t<\/div>\n\t\t\t\t\t<\/div>\n\t\t<\/section>\n\t\t\t\t\t<\/div>\n\t\t<\/div>\n\t\t\t\t\t<\/div>\n\t\t<\/section>\n\t\t\t\t<section class=\"elementor-section elementor-top-section elementor-element elementor-element-9306086 elementor-section-boxed elementor-section-height-default elementor-section-height-default\" data-id=\"9306086\" data-element_type=\"section\" data-e-type=\"section\">\n\t\t\t\t\t\t<div class=\"elementor-container elementor-column-gap-default\">\n\t\t\t\t\t<div class=\"elementor-column elementor-col-100 elementor-top-column elementor-element elementor-element-744d176\" data-id=\"744d176\" data-element_type=\"column\" data-e-type=\"column\">\n\t\t\t<div class=\"elementor-widget-wrap elementor-element-populated\">\n\t\t\t\t\t\t<section class=\"elementor-section elementor-inner-section elementor-element elementor-element-57d9b35 elementor-section-boxed elementor-section-height-default elementor-section-height-default\" data-id=\"57d9b35\" data-element_type=\"section\" data-e-type=\"section\">\n\t\t\t\t\t\t<div class=\"elementor-container elementor-column-gap-default\">\n\t\t\t\t\t<div class=\"elementor-column elementor-col-50 elementor-inner-column elementor-element elementor-element-0231a0b\" data-id=\"0231a0b\" data-element_type=\"column\" data-e-type=\"column\">\n\t\t\t<div class=\"elementor-widget-wrap elementor-element-populated\">\n\t\t\t\t\t\t<div class=\"elementor-element elementor-element-553fe80 elementor-widget elementor-widget-google_maps\" data-id=\"553fe80\" data-element_type=\"widget\" data-e-type=\"widget\" data-widget_type=\"google_maps.default\">\n\t\t\t\t<div class=\"elementor-widget-container\">\n\t\t\t\t\t\t\t<div class=\"elementor-custom-embed\">\n\t\t\t<iframe loading=\"lazy\"\n\t\t\t\t\tsrc=\"https:\/\/maps.google.com\/maps?q=lammer%20heide%207%2C%2038116%20Braunschweig%20Deutschland&#038;t=m&#038;z=10&#038;output=embed&#038;iwloc=near\"\n\t\t\t\t\ttitle=\"lammer heide 7, 38116 Braunschweig Deutschland\"\n\t\t\t\t\taria-label=\"lammer heide 7, 38116 Braunschweig Deutschland\"\n\t\t\t><\/iframe>\n\t\t<\/div>\n\t\t\t\t\t\t<\/div>\n\t\t\t\t<\/div>\n\t\t\t\t\t<\/div>\n\t\t<\/div>\n\t\t\t\t<div class=\"elementor-column elementor-col-50 elementor-inner-column elementor-element elementor-element-9707573\" data-id=\"9707573\" data-element_type=\"column\" data-e-type=\"column\">\n\t\t\t<div class=\"elementor-widget-wrap elementor-element-populated\">\n\t\t\t\t\t\t<div class=\"elementor-element elementor-element-e948429 elementor-widget elementor-widget-text-editor\" data-id=\"e948429\" data-element_type=\"widget\" data-e-type=\"widget\" data-widget_type=\"text-editor.default\">\n\t\t\t\t<div class=\"elementor-widget-container\">\n\t\t\t\t\t\t\t\t\t<p><strong><span style=\"color: #c720ab;\">N\u00fctzliche Details:<\/span><\/strong><\/p>\n<p><span style=\"color: #c720ab;\">Beheizter, heller Raum<\/span><\/p>\n<p><span style=\"color: #c720ab;\">Kleiner Wartebereich f\u00fcr die Eltern vorhanden<\/span><\/p>\n<p><span style=\"color: #c720ab;\">Parkpl\u00e4tze in der Umgebung <\/span><\/p>\t\t\t\t\t\t\t\t<\/div>\n\t\t\t\t<\/div>\n\t\t\t\t\t<\/div>\n\t\t<\/div>\n\t\t\t\t\t<\/div>\n\t\t<\/section>\n\t\t\t\t\t<\/div>\n\t\t<\/div>\n\t\t\t\t\t<\/div>\n\t\t<\/section>\n\t\t\t\t<\/div>\n\t\t","protected":false},"excerpt":{"rendered":"<p>ELI-Sprachschule im Kinder- und Jugendzentrum LammeLammer Heide 738116 Braunschweig \u00a0 N\u00fctzliche Details: Beheizter, heller Raum Kleiner Wartebereich f\u00fcr die Eltern vorhanden Parkpl\u00e4tze in der Umgebung<\/p>\n","protected":false},"author":1,"featured_media":0,"parent":0,"menu_order":0,"comment_status":"closed","ping_status":"closed","template":"","meta":{"footnotes":""},"class_list":["post-1791","page","type-page","status-publish","hentry"],"_links":{"self":[{"href":"https:\/\/eli-englisch.com\/index.php?rest_route=\/wp\/v2\/pages\/1791","targetHints":{"allow":["GET"]}}],"collection":[{"href":"https:\/\/eli-englisch.com\/index.php?rest_route=\/wp\/v2\/pages"}],"about":[{"href":"https:\/\/eli-englisch.com\/index.php?rest_route=\/wp\/v2\/types\/page"}],"author":[{"embeddable":true,"href":"https:\/\/eli-englisch.com\/index.php?rest_route=\/wp\/v2\/users\/1"}],"replies":[{"embeddable":true,"href":"https:\/\/eli-englisch.com\/index.php?rest_route=%2Fwp%2Fv2%2Fcomments&post=1791"}],"version-history":[{"count":6,"href":"https:\/\/eli-englisch.com\/index.php?rest_route=\/wp\/v2\/pages\/1791\/revisions"}],"predecessor-version":[{"id":1801,"href":"https:\/\/eli-englisch.com\/index.php?rest_route=\/wp\/v2\/pages\/1791\/revisions\/1801"}],"wp:attachment":[{"href":"https:\/\/eli-englisch.com\/index.php?rest_route=%2Fwp%2Fv2%2Fmedia&parent=1791"}],"curies":[{"name":"wp","href":"https:\/\/api.w.org\/{rel}","templated":true}]}}