{"id":1709,"date":"2023-05-05T18:40:00","date_gmt":"2023-05-05T18:40:00","guid":{"rendered":"https:\/\/eli-englisch.com\/?page_id=1709"},"modified":"2023-05-05T19:54:15","modified_gmt":"2023-05-05T19:54:15","slug":"informationen-zu-den-oertlichkeiten-in-gifhorn-leiferde","status":"publish","type":"page","link":"https:\/\/eli-englisch.com\/?page_id=1709","title":{"rendered":"Informationen zu den \u00d6rtlichkeiten in Gifhorn-Leiferde"},"content":{"rendered":"\t\t<div data-elementor-type=\"wp-page\" data-elementor-id=\"1709\" class=\"elementor elementor-1709\" data-elementor-post-type=\"page\">\n\t\t\t\t\t\t<section class=\"elementor-section elementor-top-section elementor-element elementor-element-536442d5 elementor-section-boxed elementor-section-height-default elementor-section-height-default\" data-id=\"536442d5\" data-element_type=\"section\" data-e-type=\"section\">\n\t\t\t\t\t\t<div class=\"elementor-container elementor-column-gap-default\">\n\t\t\t\t\t<div class=\"elementor-column elementor-col-100 elementor-top-column elementor-element elementor-element-6e9e475d\" data-id=\"6e9e475d\" data-element_type=\"column\" data-e-type=\"column\">\n\t\t\t<div class=\"elementor-widget-wrap elementor-element-populated\">\n\t\t\t\t\t\t<div class=\"elementor-element elementor-element-4dd4a26b elementor-widget elementor-widget-text-editor\" data-id=\"4dd4a26b\" data-element_type=\"widget\" data-e-type=\"widget\" data-widget_type=\"text-editor.default\">\n\t\t\t\t<div class=\"elementor-widget-container\">\n\t\t\t\t\t\t\t\t\t<p><\/p>\n<p><\/p>\n<p><\/p>\n<h5><span style=\"color: #000000;\">ELI-Sprachschule<br \/><\/span><span style=\"color: #000000;\">im Gemeindehaus der St. Viti Kirchengemeinde<br \/>Hauptstra\u00dfe 2<br \/>38542 Leiferde<br \/><\/span><\/h5>\n<p><\/p>\n<p><\/p>\n<p><\/p>\t\t\t\t\t\t\t\t<\/div>\n\t\t\t\t<\/div>\n\t\t\t\t\t<\/div>\n\t\t<\/div>\n\t\t\t\t\t<\/div>\n\t\t<\/section>\n\t\t\t\t<section class=\"elementor-section elementor-top-section elementor-element elementor-element-07e0b53 elementor-section-boxed elementor-section-height-default elementor-section-height-default\" data-id=\"07e0b53\" data-element_type=\"section\" data-e-type=\"section\">\n\t\t\t\t\t\t<div class=\"elementor-container elementor-column-gap-default\">\n\t\t\t\t\t<div class=\"elementor-column elementor-col-100 elementor-top-column elementor-element elementor-element-aee1079\" data-id=\"aee1079\" data-element_type=\"column\" data-e-type=\"column\">\n\t\t\t<div class=\"elementor-widget-wrap elementor-element-populated\">\n\t\t\t\t\t\t<section class=\"elementor-section elementor-inner-section elementor-element elementor-element-e282736 elementor-section-boxed elementor-section-height-default elementor-section-height-default\" data-id=\"e282736\" data-element_type=\"section\" data-e-type=\"section\">\n\t\t\t\t\t\t<div class=\"elementor-container elementor-column-gap-default\">\n\t\t\t\t\t<div class=\"elementor-column elementor-col-50 elementor-inner-column elementor-element elementor-element-98eb51c\" data-id=\"98eb51c\" data-element_type=\"column\" data-e-type=\"column\">\n\t\t\t<div class=\"elementor-widget-wrap elementor-element-populated\">\n\t\t\t\t\t\t<div class=\"elementor-element elementor-element-a37b408 elementor-widget elementor-widget-image\" data-id=\"a37b408\" data-element_type=\"widget\" data-e-type=\"widget\" data-widget_type=\"image.default\">\n\t\t\t\t<div class=\"elementor-widget-container\">\n\t\t\t\t\t\t\t\t\t\t\t\t\t\t\t<img fetchpriority=\"high\" decoding=\"async\" width=\"800\" height=\"600\" src=\"https:\/\/eli-englisch.com\/wp-content\/uploads\/2023\/05\/Leiferde_aussen-1024x768.jpg\" class=\"attachment-large size-large wp-image-1700\" alt=\"\" srcset=\"https:\/\/eli-englisch.com\/wp-content\/uploads\/2023\/05\/Leiferde_aussen-1024x768.jpg 1024w, https:\/\/eli-englisch.com\/wp-content\/uploads\/2023\/05\/Leiferde_aussen-300x225.jpg 300w, https:\/\/eli-englisch.com\/wp-content\/uploads\/2023\/05\/Leiferde_aussen-768x576.jpg 768w, https:\/\/eli-englisch.com\/wp-content\/uploads\/2023\/05\/Leiferde_aussen-1536x1152.jpg 1536w, https:\/\/eli-englisch.com\/wp-content\/uploads\/2023\/05\/Leiferde_aussen.jpg 2048w\" sizes=\"(max-width: 800px) 100vw, 800px\" \/>\t\t\t\t\t\t\t\t\t\t\t\t\t\t\t<\/div>\n\t\t\t\t<\/div>\n\t\t\t\t\t<\/div>\n\t\t<\/div>\n\t\t\t\t<div class=\"elementor-column elementor-col-50 elementor-inner-column elementor-element elementor-element-bb8e269\" data-id=\"bb8e269\" data-element_type=\"column\" data-e-type=\"column\">\n\t\t\t<div class=\"elementor-widget-wrap elementor-element-populated\">\n\t\t\t\t\t\t<div class=\"elementor-element elementor-element-78747a6 elementor-widget elementor-widget-image\" data-id=\"78747a6\" data-element_type=\"widget\" data-e-type=\"widget\" data-widget_type=\"image.default\">\n\t\t\t\t<div class=\"elementor-widget-container\">\n\t\t\t\t\t\t\t\t\t\t\t\t\t\t\t<img decoding=\"async\" width=\"800\" height=\"600\" src=\"https:\/\/eli-englisch.com\/wp-content\/uploads\/2023\/05\/Leiferde_raum_quer-1024x768.jpg\" class=\"attachment-large size-large wp-image-1702\" alt=\"\" srcset=\"https:\/\/eli-englisch.com\/wp-content\/uploads\/2023\/05\/Leiferde_raum_quer-1024x768.jpg 1024w, https:\/\/eli-englisch.com\/wp-content\/uploads\/2023\/05\/Leiferde_raum_quer-300x225.jpg 300w, https:\/\/eli-englisch.com\/wp-content\/uploads\/2023\/05\/Leiferde_raum_quer-768x576.jpg 768w, https:\/\/eli-englisch.com\/wp-content\/uploads\/2023\/05\/Leiferde_raum_quer-1536x1152.jpg 1536w, https:\/\/eli-englisch.com\/wp-content\/uploads\/2023\/05\/Leiferde_raum_quer.jpg 2048w\" sizes=\"(max-width: 800px) 100vw, 800px\" \/>\t\t\t\t\t\t\t\t\t\t\t\t\t\t\t<\/div>\n\t\t\t\t<\/div>\n\t\t\t\t\t<\/div>\n\t\t<\/div>\n\t\t\t\t\t<\/div>\n\t\t<\/section>\n\t\t\t\t\t<\/div>\n\t\t<\/div>\n\t\t\t\t\t<\/div>\n\t\t<\/section>\n\t\t\t\t<section class=\"elementor-section elementor-top-section elementor-element elementor-element-7ccb199 elementor-section-boxed elementor-section-height-default elementor-section-height-default\" data-id=\"7ccb199\" data-element_type=\"section\" data-e-type=\"section\">\n\t\t\t\t\t\t<div class=\"elementor-container elementor-column-gap-default\">\n\t\t\t\t\t<div class=\"elementor-column elementor-col-100 elementor-top-column elementor-element elementor-element-ea88c01\" data-id=\"ea88c01\" data-element_type=\"column\" data-e-type=\"column\">\n\t\t\t<div class=\"elementor-widget-wrap elementor-element-populated\">\n\t\t\t\t\t\t<section class=\"elementor-section elementor-inner-section elementor-element elementor-element-c456b23 elementor-section-boxed elementor-section-height-default elementor-section-height-default\" data-id=\"c456b23\" data-element_type=\"section\" data-e-type=\"section\">\n\t\t\t\t\t\t<div class=\"elementor-container elementor-column-gap-default\">\n\t\t\t\t\t<div class=\"elementor-column elementor-col-50 elementor-inner-column elementor-element elementor-element-a4bec6c\" data-id=\"a4bec6c\" data-element_type=\"column\" data-e-type=\"column\">\n\t\t\t<div class=\"elementor-widget-wrap elementor-element-populated\">\n\t\t\t\t\t\t<div class=\"elementor-element elementor-element-9fc0d64 elementor-widget elementor-widget-google_maps\" data-id=\"9fc0d64\" data-element_type=\"widget\" data-e-type=\"widget\" data-widget_type=\"google_maps.default\">\n\t\t\t\t<div class=\"elementor-widget-container\">\n\t\t\t\t\t\t\t<div class=\"elementor-custom-embed\">\n\t\t\t<iframe loading=\"lazy\"\n\t\t\t\t\tsrc=\"https:\/\/maps.google.com\/maps?q=St.%20Viti%20Kirchengemeinde%20Hauptstra%C3%9Fe%202%2038542%20Leiferde&#038;t=m&#038;z=10&#038;output=embed&#038;iwloc=near\"\n\t\t\t\t\ttitle=\"St. Viti Kirchengemeinde Hauptstra\u00dfe 2 38542 Leiferde\"\n\t\t\t\t\taria-label=\"St. Viti Kirchengemeinde Hauptstra\u00dfe 2 38542 Leiferde\"\n\t\t\t><\/iframe>\n\t\t<\/div>\n\t\t\t\t\t\t<\/div>\n\t\t\t\t<\/div>\n\t\t\t\t\t<\/div>\n\t\t<\/div>\n\t\t\t\t<div class=\"elementor-column elementor-col-50 elementor-inner-column elementor-element elementor-element-8da5c67\" data-id=\"8da5c67\" data-element_type=\"column\" data-e-type=\"column\">\n\t\t\t<div class=\"elementor-widget-wrap elementor-element-populated\">\n\t\t\t\t\t\t<div class=\"elementor-element elementor-element-e38dce0 elementor-widget elementor-widget-text-editor\" data-id=\"e38dce0\" data-element_type=\"widget\" data-e-type=\"widget\" data-widget_type=\"text-editor.default\">\n\t\t\t\t<div class=\"elementor-widget-container\">\n\t\t\t\t\t\t\t\t\t<p><span style=\"color: #b806a0;\"><strong>N\u00fc<\/strong><b>tzliche Details:<\/b><\/span><\/p>\n<p><span style=\"color: #b806a0;\">Gro\u00dfer, beheizter und heller Raum.<\/span><\/p>\n<p><span style=\"color: #b806a0;\">Wartebereich f\u00fcr die Eltern vorhanden.<\/span><\/p>\n<p><span style=\"color: #b806a0;\">Kostenlose Parkm\u00f6glichkeiten auf dem Gemeindeparkplatz.<\/span><\/p>\t\t\t\t\t\t\t\t<\/div>\n\t\t\t\t<\/div>\n\t\t\t\t\t<\/div>\n\t\t<\/div>\n\t\t\t\t\t<\/div>\n\t\t<\/section>\n\t\t\t\t\t<\/div>\n\t\t<\/div>\n\t\t\t\t\t<\/div>\n\t\t<\/section>\n\t\t\t\t<\/div>\n\t\t","protected":false},"excerpt":{"rendered":"<p>ELI-Sprachschuleim Gemeindehaus der St. Viti KirchengemeindeHauptstra\u00dfe 238542 Leiferde N\u00fctzliche Details: Gro\u00dfer, beheizter und heller Raum. Wartebereich f\u00fcr die Eltern vorhanden. Kostenlose Parkm\u00f6glichkeiten auf dem Gemeindeparkplatz.<\/p>\n","protected":false},"author":1,"featured_media":0,"parent":0,"menu_order":0,"comment_status":"closed","ping_status":"closed","template":"","meta":{"footnotes":""},"class_list":["post-1709","page","type-page","status-publish","hentry"],"_links":{"self":[{"href":"https:\/\/eli-englisch.com\/index.php?rest_route=\/wp\/v2\/pages\/1709","targetHints":{"allow":["GET"]}}],"collection":[{"href":"https:\/\/eli-englisch.com\/index.php?rest_route=\/wp\/v2\/pages"}],"about":[{"href":"https:\/\/eli-englisch.com\/index.php?rest_route=\/wp\/v2\/types\/page"}],"author":[{"embeddable":true,"href":"https:\/\/eli-englisch.com\/index.php?rest_route=\/wp\/v2\/users\/1"}],"replies":[{"embeddable":true,"href":"https:\/\/eli-englisch.com\/index.php?rest_route=%2Fwp%2Fv2%2Fcomments&post=1709"}],"version-history":[{"count":10,"href":"https:\/\/eli-englisch.com\/index.php?rest_route=\/wp\/v2\/pages\/1709\/revisions"}],"predecessor-version":[{"id":1732,"href":"https:\/\/eli-englisch.com\/index.php?rest_route=\/wp\/v2\/pages\/1709\/revisions\/1732"}],"wp:attachment":[{"href":"https:\/\/eli-englisch.com\/index.php?rest_route=%2Fwp%2Fv2%2Fmedia&parent=1709"}],"curies":[{"name":"wp","href":"https:\/\/api.w.org\/{rel}","templated":true}]}}