{"id":1673,"date":"2023-04-30T10:05:19","date_gmt":"2023-04-30T10:05:19","guid":{"rendered":"https:\/\/eli-englisch.com\/?page_id=1673"},"modified":"2023-05-05T19:57:41","modified_gmt":"2023-05-05T19:57:41","slug":"informationen-zu-den-oertlichkeiten-in-hannover","status":"publish","type":"page","link":"https:\/\/eli-englisch.com\/?page_id=1673","title":{"rendered":"Informationen zu den \u00d6rtlichkeiten in Hannover-Bothfeld"},"content":{"rendered":"\t\t<div data-elementor-type=\"wp-page\" data-elementor-id=\"1673\" class=\"elementor elementor-1673\" data-elementor-post-type=\"page\">\n\t\t\t\t\t\t<section class=\"elementor-section elementor-top-section elementor-element elementor-element-536442d5 elementor-section-boxed elementor-section-height-default elementor-section-height-default\" data-id=\"536442d5\" data-element_type=\"section\" data-e-type=\"section\">\n\t\t\t\t\t\t<div class=\"elementor-container elementor-column-gap-default\">\n\t\t\t\t\t<div class=\"elementor-column elementor-col-100 elementor-top-column elementor-element elementor-element-6e9e475d\" data-id=\"6e9e475d\" data-element_type=\"column\" data-e-type=\"column\">\n\t\t\t<div class=\"elementor-widget-wrap elementor-element-populated\">\n\t\t\t\t\t\t<div class=\"elementor-element elementor-element-4dd4a26b elementor-widget elementor-widget-text-editor\" data-id=\"4dd4a26b\" data-element_type=\"widget\" data-e-type=\"widget\" data-widget_type=\"text-editor.default\">\n\t\t\t\t<div class=\"elementor-widget-container\">\n\t\t\t\t\t\t\t\t\t<p><\/p>\n<p><\/p>\n<p><\/p>\n<h5><span style=\"color: #000000;\">ELI-Sprachschule<br \/><\/span><span style=\"color: #000000;\">im Gemeindehaus der St.-Nicolai-Kirche<br \/>Sutelstra\u00dfe 19<br \/>30659 Hannover-Bothfeld<\/span><\/h5>\n<p><\/p>\n<p><\/p>\n<p><\/p>\t\t\t\t\t\t\t\t<\/div>\n\t\t\t\t<\/div>\n\t\t\t\t\t<\/div>\n\t\t<\/div>\n\t\t\t\t\t<\/div>\n\t\t<\/section>\n\t\t\t\t<section class=\"elementor-section elementor-top-section elementor-element elementor-element-07e0b53 elementor-section-boxed elementor-section-height-default elementor-section-height-default\" data-id=\"07e0b53\" data-element_type=\"section\" data-e-type=\"section\">\n\t\t\t\t\t\t<div class=\"elementor-container elementor-column-gap-default\">\n\t\t\t\t\t<div class=\"elementor-column elementor-col-100 elementor-top-column elementor-element elementor-element-aee1079\" data-id=\"aee1079\" data-element_type=\"column\" data-e-type=\"column\">\n\t\t\t<div class=\"elementor-widget-wrap elementor-element-populated\">\n\t\t\t\t\t\t<section class=\"elementor-section elementor-inner-section elementor-element elementor-element-e282736 elementor-section-boxed elementor-section-height-default elementor-section-height-default\" data-id=\"e282736\" data-element_type=\"section\" data-e-type=\"section\">\n\t\t\t\t\t\t<div class=\"elementor-container elementor-column-gap-default\">\n\t\t\t\t\t<div class=\"elementor-column elementor-col-50 elementor-inner-column elementor-element elementor-element-98eb51c\" data-id=\"98eb51c\" data-element_type=\"column\" data-e-type=\"column\">\n\t\t\t<div class=\"elementor-widget-wrap elementor-element-populated\">\n\t\t\t\t\t\t<div class=\"elementor-element elementor-element-a37b408 elementor-widget elementor-widget-image\" data-id=\"a37b408\" data-element_type=\"widget\" data-e-type=\"widget\" data-widget_type=\"image.default\">\n\t\t\t\t<div class=\"elementor-widget-container\">\n\t\t\t\t\t\t\t\t\t\t\t\t\t\t\t<img fetchpriority=\"high\" decoding=\"async\" width=\"800\" height=\"607\" src=\"https:\/\/eli-englisch.com\/wp-content\/uploads\/2023\/04\/WhatsApp-Image-2023-04-30-at-12.38.27.jpeg\" class=\"attachment-large size-large wp-image-1683\" alt=\"\" srcset=\"https:\/\/eli-englisch.com\/wp-content\/uploads\/2023\/04\/WhatsApp-Image-2023-04-30-at-12.38.27.jpeg 960w, https:\/\/eli-englisch.com\/wp-content\/uploads\/2023\/04\/WhatsApp-Image-2023-04-30-at-12.38.27-300x228.jpeg 300w, https:\/\/eli-englisch.com\/wp-content\/uploads\/2023\/04\/WhatsApp-Image-2023-04-30-at-12.38.27-768x582.jpeg 768w\" sizes=\"(max-width: 800px) 100vw, 800px\" \/>\t\t\t\t\t\t\t\t\t\t\t\t\t\t\t<\/div>\n\t\t\t\t<\/div>\n\t\t\t\t\t<\/div>\n\t\t<\/div>\n\t\t\t\t<div class=\"elementor-column elementor-col-50 elementor-inner-column elementor-element elementor-element-bb8e269\" data-id=\"bb8e269\" data-element_type=\"column\" data-e-type=\"column\">\n\t\t\t<div class=\"elementor-widget-wrap elementor-element-populated\">\n\t\t\t\t\t\t<div class=\"elementor-element elementor-element-78747a6 elementor-widget elementor-widget-image\" data-id=\"78747a6\" data-element_type=\"widget\" data-e-type=\"widget\" data-widget_type=\"image.default\">\n\t\t\t\t<div class=\"elementor-widget-container\">\n\t\t\t\t\t\t\t\t\t\t\t\t\t\t\t<img decoding=\"async\" width=\"800\" height=\"600\" src=\"https:\/\/eli-englisch.com\/wp-content\/uploads\/2023\/04\/WhatsApp-Image-2023-04-30-at-12.15.27.jpeg\" class=\"attachment-large size-large wp-image-1678\" alt=\"\" srcset=\"https:\/\/eli-englisch.com\/wp-content\/uploads\/2023\/04\/WhatsApp-Image-2023-04-30-at-12.15.27.jpeg 1024w, https:\/\/eli-englisch.com\/wp-content\/uploads\/2023\/04\/WhatsApp-Image-2023-04-30-at-12.15.27-300x225.jpeg 300w, https:\/\/eli-englisch.com\/wp-content\/uploads\/2023\/04\/WhatsApp-Image-2023-04-30-at-12.15.27-768x576.jpeg 768w\" sizes=\"(max-width: 800px) 100vw, 800px\" \/>\t\t\t\t\t\t\t\t\t\t\t\t\t\t\t<\/div>\n\t\t\t\t<\/div>\n\t\t\t\t\t<\/div>\n\t\t<\/div>\n\t\t\t\t\t<\/div>\n\t\t<\/section>\n\t\t\t\t\t<\/div>\n\t\t<\/div>\n\t\t\t\t\t<\/div>\n\t\t<\/section>\n\t\t\t\t<section class=\"elementor-section elementor-top-section elementor-element elementor-element-7ccb199 elementor-section-boxed elementor-section-height-default elementor-section-height-default\" data-id=\"7ccb199\" data-element_type=\"section\" data-e-type=\"section\">\n\t\t\t\t\t\t<div class=\"elementor-container elementor-column-gap-default\">\n\t\t\t\t\t<div class=\"elementor-column elementor-col-100 elementor-top-column elementor-element elementor-element-ea88c01\" data-id=\"ea88c01\" data-element_type=\"column\" data-e-type=\"column\">\n\t\t\t<div class=\"elementor-widget-wrap elementor-element-populated\">\n\t\t\t\t\t\t<section class=\"elementor-section elementor-inner-section elementor-element elementor-element-c456b23 elementor-section-boxed elementor-section-height-default elementor-section-height-default\" data-id=\"c456b23\" data-element_type=\"section\" data-e-type=\"section\">\n\t\t\t\t\t\t<div class=\"elementor-container elementor-column-gap-default\">\n\t\t\t\t\t<div class=\"elementor-column elementor-col-50 elementor-inner-column elementor-element elementor-element-a4bec6c\" data-id=\"a4bec6c\" data-element_type=\"column\" data-e-type=\"column\">\n\t\t\t<div class=\"elementor-widget-wrap elementor-element-populated\">\n\t\t\t\t\t\t<div class=\"elementor-element elementor-element-9fc0d64 elementor-widget elementor-widget-google_maps\" data-id=\"9fc0d64\" data-element_type=\"widget\" data-e-type=\"widget\" data-widget_type=\"google_maps.default\">\n\t\t\t\t<div class=\"elementor-widget-container\">\n\t\t\t\t\t\t\t<div class=\"elementor-custom-embed\">\n\t\t\t<iframe loading=\"lazy\"\n\t\t\t\t\tsrc=\"https:\/\/maps.google.com\/maps?q=St.-Nikolai-Kirche%2C%20Sutelstra%C3%9Fe%2019%2C%2030659%20Hannover&#038;t=m&#038;z=10&#038;output=embed&#038;iwloc=near\"\n\t\t\t\t\ttitle=\"St.-Nikolai-Kirche, Sutelstra\u00dfe 19, 30659 Hannover\"\n\t\t\t\t\taria-label=\"St.-Nikolai-Kirche, Sutelstra\u00dfe 19, 30659 Hannover\"\n\t\t\t><\/iframe>\n\t\t<\/div>\n\t\t\t\t\t\t<\/div>\n\t\t\t\t<\/div>\n\t\t\t\t\t<\/div>\n\t\t<\/div>\n\t\t\t\t<div class=\"elementor-column elementor-col-50 elementor-inner-column elementor-element elementor-element-8da5c67\" data-id=\"8da5c67\" data-element_type=\"column\" data-e-type=\"column\">\n\t\t\t<div class=\"elementor-widget-wrap elementor-element-populated\">\n\t\t\t\t\t\t<div class=\"elementor-element elementor-element-e38dce0 elementor-widget elementor-widget-text-editor\" data-id=\"e38dce0\" data-element_type=\"widget\" data-e-type=\"widget\" data-widget_type=\"text-editor.default\">\n\t\t\t\t<div class=\"elementor-widget-container\">\n\t\t\t\t\t\t\t\t\t<p><span style=\"color: #b806a0;\"><strong>N\u00fc<\/strong><b>tzliche Details:<\/b><\/span><\/p>\n<p><span style=\"color: #b806a0;\">Gro\u00dfz\u00fcgiger, beheizter heller Raum.<\/span><\/p>\n<p><span style=\"color: #b806a0;\">Kleiner Wartebereich f\u00fcr die Eltern vorhanden.<\/span><\/p>\n<p><span style=\"color: #b806a0;\">Kostenlose Parkm\u00f6glichkeiten auf dem Gemeindeparkplatz.<\/span><\/p>\t\t\t\t\t\t\t\t<\/div>\n\t\t\t\t<\/div>\n\t\t\t\t\t<\/div>\n\t\t<\/div>\n\t\t\t\t\t<\/div>\n\t\t<\/section>\n\t\t\t\t\t<\/div>\n\t\t<\/div>\n\t\t\t\t\t<\/div>\n\t\t<\/section>\n\t\t\t\t<\/div>\n\t\t","protected":false},"excerpt":{"rendered":"<p>ELI-Sprachschuleim Gemeindehaus der St.-Nicolai-KircheSutelstra\u00dfe 1930659 Hannover-Bothfeld N\u00fctzliche Details: Gro\u00dfz\u00fcgiger, beheizter heller Raum. Kleiner Wartebereich f\u00fcr die Eltern vorhanden. Kostenlose Parkm\u00f6glichkeiten auf dem Gemeindeparkplatz.<\/p>\n","protected":false},"author":1,"featured_media":0,"parent":0,"menu_order":0,"comment_status":"closed","ping_status":"closed","template":"","meta":{"footnotes":""},"class_list":["post-1673","page","type-page","status-publish","hentry"],"_links":{"self":[{"href":"https:\/\/eli-englisch.com\/index.php?rest_route=\/wp\/v2\/pages\/1673","targetHints":{"allow":["GET"]}}],"collection":[{"href":"https:\/\/eli-englisch.com\/index.php?rest_route=\/wp\/v2\/pages"}],"about":[{"href":"https:\/\/eli-englisch.com\/index.php?rest_route=\/wp\/v2\/types\/page"}],"author":[{"embeddable":true,"href":"https:\/\/eli-englisch.com\/index.php?rest_route=\/wp\/v2\/users\/1"}],"replies":[{"embeddable":true,"href":"https:\/\/eli-englisch.com\/index.php?rest_route=%2Fwp%2Fv2%2Fcomments&post=1673"}],"version-history":[{"count":15,"href":"https:\/\/eli-englisch.com\/index.php?rest_route=\/wp\/v2\/pages\/1673\/revisions"}],"predecessor-version":[{"id":1735,"href":"https:\/\/eli-englisch.com\/index.php?rest_route=\/wp\/v2\/pages\/1673\/revisions\/1735"}],"wp:attachment":[{"href":"https:\/\/eli-englisch.com\/index.php?rest_route=%2Fwp%2Fv2%2Fmedia&parent=1673"}],"curies":[{"name":"wp","href":"https:\/\/api.w.org\/{rel}","templated":true}]}}