{"id":1405,"date":"2022-06-19T15:17:07","date_gmt":"2022-06-19T15:17:07","guid":{"rendered":"https:\/\/eli-englisch.com\/?page_id=1405"},"modified":"2025-05-18T20:32:35","modified_gmt":"2025-05-18T20:32:35","slug":"ueber-mich","status":"publish","type":"page","link":"https:\/\/eli-englisch.com\/?page_id=1405","title":{"rendered":"\u00dcber mich"},"content":{"rendered":"\t\t<div data-elementor-type=\"wp-page\" data-elementor-id=\"1405\" class=\"elementor elementor-1405\" data-elementor-post-type=\"page\">\n\t\t\t\t\t\t<section class=\"elementor-section elementor-top-section elementor-element elementor-element-378aa3be elementor-section-full_width elementor-section-height-default elementor-section-height-default\" data-id=\"378aa3be\" data-element_type=\"section\" data-e-type=\"section\">\n\t\t\t\t\t\t<div class=\"elementor-container elementor-column-gap-default\">\n\t\t\t\t\t<div class=\"elementor-column elementor-col-33 elementor-top-column elementor-element elementor-element-48238b3b\" data-id=\"48238b3b\" data-element_type=\"column\" data-e-type=\"column\">\n\t\t\t<div class=\"elementor-widget-wrap elementor-element-populated\">\n\t\t\t\t\t\t<div class=\"elementor-element elementor-element-ab79a04 elementor-widget elementor-widget-image\" data-id=\"ab79a04\" data-element_type=\"widget\" data-e-type=\"widget\" data-widget_type=\"image.default\">\n\t\t\t\t<div class=\"elementor-widget-container\">\n\t\t\t\t\t\t\t\t\t\t\t\t\t\t\t<img decoding=\"async\" width=\"150\" height=\"150\" src=\"https:\/\/eli-englisch.com\/wp-content\/uploads\/2022\/06\/englisch-ebay_kleinanzeigen-page-001-1-e1655659808587-150x150.jpg\" class=\"attachment-thumbnail size-thumbnail wp-image-1527\" alt=\"\" \/>\t\t\t\t\t\t\t\t\t\t\t\t\t\t\t<\/div>\n\t\t\t\t<\/div>\n\t\t\t\t\t<\/div>\n\t\t<\/div>\n\t\t\t\t<div class=\"elementor-column elementor-col-33 elementor-top-column elementor-element elementor-element-8c076d3\" data-id=\"8c076d3\" data-element_type=\"column\" data-e-type=\"column\">\n\t\t\t<div class=\"elementor-widget-wrap\">\n\t\t\t\t\t\t\t<\/div>\n\t\t<\/div>\n\t\t\t\t<div class=\"elementor-column elementor-col-33 elementor-top-column elementor-element elementor-element-572e865\" data-id=\"572e865\" data-element_type=\"column\" data-e-type=\"column\">\n\t\t\t<div class=\"elementor-widget-wrap elementor-element-populated\">\n\t\t\t\t\t\t<div class=\"elementor-element elementor-element-13835e2 elementor-widget elementor-widget-image\" data-id=\"13835e2\" data-element_type=\"widget\" data-e-type=\"widget\" data-widget_type=\"image.default\">\n\t\t\t\t<div class=\"elementor-widget-container\">\n\t\t\t\t\t\t\t\t\t\t\t\t\t\t\t<img decoding=\"async\" width=\"150\" height=\"150\" src=\"https:\/\/eli-englisch.com\/wp-content\/uploads\/2021\/12\/Kids_pic-150x150.jpg\" class=\"attachment-thumbnail size-thumbnail wp-image-1109\" alt=\"\" srcset=\"https:\/\/eli-englisch.com\/wp-content\/uploads\/2021\/12\/Kids_pic-150x150.jpg 150w, https:\/\/eli-englisch.com\/wp-content\/uploads\/2021\/12\/elementor\/thumbs\/Kids_pic-scaled-php7eebmu0qvboq23v3sthloobkc71wh4o6rvl4yq8.jpg 200w\" sizes=\"(max-width: 150px) 100vw, 150px\" \/>\t\t\t\t\t\t\t\t\t\t\t\t\t\t\t<\/div>\n\t\t\t\t<\/div>\n\t\t\t\t\t<\/div>\n\t\t<\/div>\n\t\t\t\t\t<\/div>\n\t\t<\/section>\n\t\t\t\t<section class=\"elementor-section elementor-top-section elementor-element elementor-element-90dd17e elementor-section-full_width elementor-section-height-default elementor-section-height-default\" data-id=\"90dd17e\" data-element_type=\"section\" data-e-type=\"section\">\n\t\t\t\t\t\t<div class=\"elementor-container elementor-column-gap-default\">\n\t\t\t\t\t<div class=\"elementor-column elementor-col-100 elementor-top-column elementor-element elementor-element-6d7f622\" data-id=\"6d7f622\" data-element_type=\"column\" data-e-type=\"column\">\n\t\t\t<div class=\"elementor-widget-wrap elementor-element-populated\">\n\t\t\t\t\t\t<div class=\"elementor-element elementor-element-4f62ccae elementor-widget elementor-widget-text-editor\" data-id=\"4f62ccae\" data-element_type=\"widget\" data-e-type=\"widget\" data-widget_type=\"text-editor.default\">\n\t\t\t\t<div class=\"elementor-widget-container\">\n\t\t\t\t\t\t\t\t\t<div data-colibri-id=\"447-c1\"><div data-colibri-component=\"section\" data-colibri-id=\"447-c2\"><p>Mein Name ist Elena Fiebig,\u00a0<\/p><p>ich unterrichte Englisch f\u00fcr Kinder und Erwachsene seit \u00fcber 23 Jahren in verschiedenen (internationalen) Sprachschulen.\u00a0<\/p><p>Ich bin zertifizierter Lehrerausbilder bei Longman Pearson, dem f\u00fchrenden Anbieter von englischen Sprachlehrb\u00fcchern und Lernsoftware f\u00fcr Kinder und Jugendliche.\u00a0<\/p><p>Als ausgebildete P\u00e4dagogin mit dem Schwerpunkt Englisch habe ich einen Abschluss als Bachelor of Arts (P\u00e4dagogik).\u00a0<\/p><p>Zu meinen Lehrtechniken geh\u00f6rt digitales und interaktives Lernen, neue Lehrmethoden f\u00fcr Kinder und die situationsbezogene Integration von Technologien in den Unterricht. Dies erfolgt je nach Alter und Wissensstand zum Beispiel \u00fcber Spiele, Singen, Aktivaufgaben oder Gruppenarbeiten. Wenn eine Fremdsprache fr\u00fchzeitig (Alter ca. 3 Jahre) erlernt wird und das Kind somit mehrsprachig aufw\u00e4chst, bildet es ein gutes Sprachgef\u00fchl von Anfang an und versteht die Fremdsprache ohne R\u00fcck\u00fcbersetzung in die Muttersprache. Daher gestalte ich den Unterricht nur in Englisch und nutze Bilder, Videos und Lieder um das Vokabular aufzubauen.\u00a0<\/p><p>Beruflicher Werdegang:<\/p><ul><li>8 Jahre bei Inlingua in Bangkok, Thailand (Unterricht in Business und Technical English)<\/li><li>Schulungen bei der Kasikorn Bank, dem Pilot Training Center und dem Bumrungrad Hospital<\/li><li>Unterricht f\u00fcr Studenten am Vibun College<\/li><li>Unterricht an Longman Schools (Kinder, junge Lehrer und Assistenzlehrer)<\/li><\/ul><p>Wenn ich ihr Interesse geweckt haben sollte, rufen sie mich unter 0152-34049756 an, schreiben sie mir \u00fcber WhatsApp oder per Email.<span style=\"color: var( --e-global-color-text ); font-family: var( --e-global-typography-text-font-family ), Sans-serif; font-size: 1rem;\">\u00a0<\/span><\/p><p>Viele Gr\u00fc\u00dfe<\/p><p>Elena Fiebig<\/p><div><div data-colibri-id=\"447-c3\"><div><div><div data-colibri-id=\"447-c4\"><div><div data-colibri-id=\"447-c5\"><div>\u00a0<\/div><\/div><\/div><\/div><\/div><\/div><\/div><\/div><\/div><\/div>\t\t\t\t\t\t\t\t<\/div>\n\t\t\t\t<\/div>\n\t\t\t\t\t<\/div>\n\t\t<\/div>\n\t\t\t\t\t<\/div>\n\t\t<\/section>\n\t\t\t\t<\/div>\n\t\t","protected":false},"excerpt":{"rendered":"<p>Mein Name ist Elena Fiebig,\u00a0 ich unterrichte Englisch f\u00fcr Kinder und Erwachsene seit \u00fcber 23 Jahren in verschiedenen (internationalen) Sprachschulen.\u00a0 Ich bin zertifizierter Lehrerausbilder bei Longman Pearson, dem f\u00fchrenden Anbieter von englischen Sprachlehrb\u00fcchern und Lernsoftware f\u00fcr Kinder und Jugendliche.\u00a0 Als ausgebildete P\u00e4dagogin mit dem Schwerpunkt Englisch habe ich einen Abschluss als Bachelor of Arts (P\u00e4dagogik).\u00a0 [&hellip;]<\/p>\n","protected":false},"author":1,"featured_media":0,"parent":0,"menu_order":0,"comment_status":"closed","ping_status":"closed","template":"","meta":{"footnotes":""},"class_list":["post-1405","page","type-page","status-publish","hentry"],"_links":{"self":[{"href":"https:\/\/eli-englisch.com\/index.php?rest_route=\/wp\/v2\/pages\/1405","targetHints":{"allow":["GET"]}}],"collection":[{"href":"https:\/\/eli-englisch.com\/index.php?rest_route=\/wp\/v2\/pages"}],"about":[{"href":"https:\/\/eli-englisch.com\/index.php?rest_route=\/wp\/v2\/types\/page"}],"author":[{"embeddable":true,"href":"https:\/\/eli-englisch.com\/index.php?rest_route=\/wp\/v2\/users\/1"}],"replies":[{"embeddable":true,"href":"https:\/\/eli-englisch.com\/index.php?rest_route=%2Fwp%2Fv2%2Fcomments&post=1405"}],"version-history":[{"count":37,"href":"https:\/\/eli-englisch.com\/index.php?rest_route=\/wp\/v2\/pages\/1405\/revisions"}],"predecessor-version":[{"id":1829,"href":"https:\/\/eli-englisch.com\/index.php?rest_route=\/wp\/v2\/pages\/1405\/revisions\/1829"}],"wp:attachment":[{"href":"https:\/\/eli-englisch.com\/index.php?rest_route=%2Fwp%2Fv2%2Fmedia&parent=1405"}],"curies":[{"name":"wp","href":"https:\/\/api.w.org\/{rel}","templated":true}]}}